{"id":272,"date":"2025-01-30T08:59:49","date_gmt":"2025-01-30T08:59:49","guid":{"rendered":"https:\/\/aied2025.itd.cnr.it\/?page_id=272"},"modified":"2025-04-30T08:30:43","modified_gmt":"2025-04-30T08:30:43","slug":"bluesky","status":"publish","type":"page","link":"https:\/\/aied2025.itd.cnr.it\/index.php\/maintrack\/bluesky\/","title":{"rendered":"BlueSky"},"content":{"rendered":"\n<hr class=\"wp-block-separator has-alpha-channel-opacity is-style-wide\" style=\"margin-top:var(--wp--preset--spacing--60);margin-bottom:var(--wp--preset--spacing--60)\"\/>\n\n\n\n<h1 class=\"wp-block-heading\"><strong>Call for BlueSky Papers&nbsp;<\/strong><\/h1>\n\n\n\n<hr class=\"wp-block-separator has-alpha-channel-opacity is-style-wide\" style=\"margin-top:var(--wp--preset--spacing--60);margin-bottom:var(--wp--preset--spacing--60)\"\/>\n\n\n\n<h2 class=\"wp-block-heading\"><strong>Introduction&nbsp;<\/strong><\/h2>\n\n\n\n<p>The AIED Society organizes the AIED conference and is aimed at&nbsp; advancing science and engineering of <strong>intelligent human-technology&nbsp; ecosystems that support learning<\/strong>. The AIED 2025 conference will be&nbsp; the 26th of a longstanding series of international conferences, known for&nbsp; high quality and innovative research on AI-assisted systems and cognitive&nbsp; science approaches for educational computing applications. AIED is&nbsp; <strong>ranked A in CORE <\/strong>(top 16% of all 783 ranked venues), the well-known&nbsp; ranking of computer science conferences.&nbsp;&nbsp;<\/p>\n\n\n\n<p>Given the success of this track during the last two years, AIED 2025 will&nbsp; include the <strong>BlueSky special track<\/strong>, which invites papers from&nbsp; researchers, practitioners, and industry partners to <strong>reflect upon the&nbsp; progress of AIED <\/strong>so far and <strong>envision what is to come <\/strong>in the upcoming&nbsp; future. As technology continues to redefine our world, we must ask: <strong>how&nbsp; will AI innovations transform the way we learn? <\/strong>Imagine a future where&nbsp; AI seamlessly supports lifelong learning, providing personalized&nbsp; experiences like never before. The COVID pandemic may have been a&nbsp; disruption, but it also acted as a catalyst, speeding up the integration of&nbsp; artificial intelligence in education and altering our perceptions of tech driven learning. <strong>So, what&#8217;s next for AI in education? <\/strong>Picture AIED&nbsp; evolving beyond augmenting conventional teaching methods, embracing&nbsp; a new era of learning that is dynamic, adaptive, and truly transformative.&nbsp; Whether it&#8217;s customizing content to suit individual needs or creating&nbsp;<\/p>\n\n\n\n<p>immersive learning environments, AI&#8217;s potential in education is boundless.&nbsp; What is coming next for AI in education is going to be an adventure!&nbsp;<\/p>\n\n\n\n<p>These are <strong>questions meant to begin and not limit the discussion <\/strong>in the BlueSky papers.&nbsp;<\/p>\n\n\n\n<h2 class=\"wp-block-heading\"><strong>Important Dates&nbsp;<\/strong><\/h2>\n\n\n\n<figure class=\"wp-block-table\"><table class=\"has-ast-global-color-5-background-color has-background has-fixed-layout\"><thead><tr><th>Phase<\/th><th>Date<\/th><\/tr><\/thead><tbody><tr><td>Abstracts due<\/td><td>March 5, 2025 (mandatory)<\/td><\/tr><tr><td>Papers due<\/td><td>March 12, 2025<\/td><\/tr><tr><td>Notification of acceptance to authors<\/td><td>April 21, 2025<\/td><\/tr><tr><td>Camera-ready paper due<\/td><td><s>May 2, 2025<\/s> May 7, 2025\u00a0<\/td><\/tr><tr><td>Conference<\/td><td>July 22 &#8211; 26, 2025<\/td><\/tr><\/tbody><\/table><\/figure>\n\n\n\n<p>Note: the submission deadlines are at 11:59 pm AoE (Anywhere on Earth) &nbsp;time.&nbsp;<\/p>\n\n\n\n<h2 class=\"wp-block-heading\"><strong>Submission Instructions&nbsp;<\/strong><\/h2>\n\n\n\n<p><strong>System<\/strong>. Please note that the submissions must be written in English. Papers&nbsp; should be submitted electronically, as a PDF file, through the AIED 2025&nbsp; EasyChair conference system&nbsp; (https:\/\/easychair.org\/conferences\/?conf=aied2025), selecting the \u201cBlue Sky&nbsp; Papers\u201d track.&nbsp;<\/p>\n\n\n\n<p><strong>Types<\/strong>. We encourage two types of submissions (reviewers will comment&nbsp; on whether the size is appropriate for each contribution):&nbsp;&nbsp;<\/p>\n\n\n\n<p>&#8211; Full papers (between 9 and 14 pages including references; for a long&nbsp; oral presentation).&nbsp;&nbsp;<\/p>\n\n\n\n<p>&#8211; Short papers (between 6 and 8 pages including references; for a short&nbsp; oral presentation).&nbsp;&nbsp;<\/p>\n\n\n\n<p><strong>Format<\/strong>. Submissions must be in Springer format. Papers that do not use the&nbsp; required format may be rejected without review. Authors should consult&nbsp; Springer\u2019s authors\u2019 guidelines and use their proceedings templates, either&nbsp; for LaTeX or for Word, for the preparation of their papers. Springer&nbsp; encourages authors to include their ORCIDs in their papers. Submissions&nbsp; must follow Springer policies on publication (including policies on the use of&nbsp; AI in the authoring process): https:\/\/tinyurl.com\/3rk3zj3v.&nbsp;&nbsp;<\/p>\n\n\n\n<p><strong>Expectations<\/strong>. BlueSky paper submissions do not necessarily require new&nbsp; empirical results, unlike more traditional AIED submissions. Despite BlueSky&nbsp; submissions\u2019 focus on novel, exploratory solutions for the future, there is still&nbsp; the need to support their ideas with sufficient evidence. When BlueSky&nbsp; submissions focus on novel perspectives on existing problems or a new&nbsp; research vision, as examples, they might not require empirical results.&nbsp; However, such submissions are still expected to defend their positions via&nbsp; robust scientific argument rooted in the relevant literature. A thorough&nbsp; exploration of implications, with detailed discussions, are considered&nbsp; important as well.<\/p>\n\n\n\n<h2 class=\"wp-block-heading\"><strong>Diversity, Equity and Inclusion&nbsp;<\/strong><\/h2>\n\n\n\n<p>The AIED Society values diversity, equity, and inclusion (and related&nbsp; principles under this broad umbrella) as essential and fundamental values&nbsp; for the AIED community to uphold. Thus, in AIED 2025, we incentivize&nbsp; authors to carefully consider diversity, equity, and inclusion when reporting&nbsp; on your work.&nbsp;&nbsp;<\/p>\n\n\n\n<p>When preparing your paper, please consider the following:&nbsp;&nbsp;<\/p>\n\n\n\n<p>\u25a0 Authors should write with care toward inclusive language. This&nbsp; includes understanding identify-first vs. person-first language,&nbsp; gender neutral language, appropriate demographic categories and&nbsp; terminology, and avoiding the conflation of distinct dimensions such&nbsp; as race and ethnicity, or sex and gender.&nbsp;&nbsp;<\/p>\n\n\n\n<p>\u25a0 Authors are encouraged to consider how their theoretical&nbsp; frameworks and findings are related to diversity, equity, and&nbsp; inclusion. For example, authors may discuss how these issues&nbsp; influence key assumptions, hypotheses, and methods. Likewise,&nbsp; authors might address implications or appropriate interpretations of&nbsp; their findings with respect to diversity, inclusion and equity.&nbsp;&nbsp;<\/p>\n\n\n\n<p>Please consider the following criteria when reporting samples:&nbsp;&nbsp;<\/p>\n\n\n\n<p>\u25a0 Authors should be clear and specific about the composition of&nbsp; human-sourced data. Who were the participants? What was the&nbsp; distribution of gender, race, ethnicity, or related variables? If&nbsp; corpus data or training data were sourced from humans, a similar&nbsp; description could be offered.&nbsp;&nbsp;<\/p>\n\n\n\n<p>\u25a0 Skewed or non-representative samples would not necessarily&nbsp; trigger a &#8220;reject&#8221; decision, but authors should acknowledge the&nbsp; demographic imbalances and discuss the potential impact on&nbsp; data, results, or conclusions. A more compelling paper would&nbsp;<\/p>\n\n\n\n<p>describe barriers to inclusive and representative sampling and the&nbsp; steps taken to generate an inclusive and representative sample&nbsp; (this is basic science, but often overlooked for convenience).&nbsp;&nbsp;<\/p>\n\n\n\n<p>\u25a0 Authors should demonstrate some awareness of how equity,&nbsp; inclusion, accessibility issues impact their data, methods,&nbsp; products, or findings. How are different demographic groups or&nbsp; communities differentially connected to the work? People who are&nbsp; developing educational technologies need to think about access&nbsp; and use, for example. Corpus analyses need to address the&nbsp; impact of skewed\/exclusive datasets and potential outcomes&nbsp; (e.g., algorithmic bias). It is also important to use strategies to&nbsp; control or reduce bias against populations of any kind (e.g.,&nbsp; benefit or bring prejudice to a particular gender, race, or people&nbsp; with different economic status) when collecting, using, or&nbsp; aggregating data.&nbsp;&nbsp;<\/p>\n\n\n\n<p>\u25a0 Authors are encouraged to discuss\/justify how demographic&nbsp; variables are included in the analyses. If they are not included or&nbsp; &#8220;covaried out&#8221; please justify. If they are included, what are the&nbsp; assumptions? Are there &#8220;categorical effects&#8221;? Are the effects of&nbsp; different demographic variables independent, interdependent, or&nbsp; intersectional? What valid conclusions can be drawn? What&nbsp; erroneous conclusions need to be avoided or tempered?&nbsp;<\/p>\n\n\n\n<h2 class=\"wp-block-heading\"><strong>Review Process&nbsp;<\/strong><\/h2>\n\n\n\n<p><strong>Process<\/strong>. All submissions will be reviewed by three members of the program&nbsp; committee or other ad-hoc reviewers, followed by a second round of review&nbsp; conducted by a senior member of the program committee. Papers will be&nbsp; reviewed for relevance to the track, quality of reflection, originality and&nbsp; innovation, significance and potential for influence, multidisciplinarity and&nbsp; societal impact considerations, clarity and coherence of presentation. It is&nbsp;<\/p>\n\n\n\n<p>important to note that the work presented should not have been published&nbsp; previously or be under consideration in other conferences of journals. Any&nbsp; paper caught in double submission will be rejected without review.&nbsp;&nbsp;<\/p>\n\n\n\n<p><strong>Anonymity<\/strong>. The process will be double-blind, i.e., both authors and&nbsp; reviewers will remain anonymous, to meet rigorous academic standards of&nbsp; publication. Hence, authors should eliminate all information that could lead&nbsp; to their identification, cite their own prior work (if needed) in third person, and&nbsp; remove acknowledgments and references to funding sources.&nbsp;&nbsp;<\/p>\n\n\n\n<p><strong>Ethics<\/strong>. Authors should demonstrate awareness of how ethical issues&nbsp; (including but not limited to equity, inclusion, accessibility) impact the content&nbsp; of their paper, also including if available data, methods, tools, approaches,&nbsp; products, and findings. If tools such as ChatGPT are used to help in writing&nbsp; papers, this should be acknowledged in one\u2019s paper.&nbsp;<\/p>\n\n\n\n<h2 class=\"wp-block-heading\"><strong>Registration and Participation&nbsp;<\/strong><\/h2>\n\n\n\n<p>Each accepted paper within the BlueSky track must be accompanied by a&nbsp; <strong>unique author registration <\/strong>(i.e., one registration per paper), completed by&nbsp; the early registration date cut-off. Please note that presenters of papers&nbsp; accepted to the BlueSky track are expected to be <strong>on-site to give their&nbsp; presentations and interact with the audience<\/strong>, to have the paper included&nbsp; in the proceedings. An online streaming option will be set-up for remote&nbsp; observers.&nbsp;<\/p>\n\n\n\n<p>Accepted papers in the BlueSky track will be published in the <strong>second&nbsp; volume of the AIED 2025 proceedings <\/strong>included in Springer&nbsp; Communications in Computer and Information Science (CCIS).&nbsp;<\/p>\n\n\n\n<div class=\"wp-block-cover alignfull\"><span aria-hidden=\"true\" class=\"wp-block-cover__background has-ast-global-color-1-background-color has-background-dim-100 has-background-dim\"><\/span><div class=\"wp-block-cover__inner-container is-layout-constrained wp-block-cover-is-layout-constrained\">\n<h2 class=\"wp-block-heading has-text-align-left has-ast-global-color-4-color has-text-color has-link-color has-large-font-size wp-elements-51a0bc147919df23503a6f31ef2944d5\"><strong>Track Chairs&nbsp;<\/strong><\/h2>\n\n\n\n<p class=\"has-ast-global-color-4-color has-text-color has-link-color wp-elements-ea9f761e76e81e4430bc7688f82bd06c\">If you have any further questions, please, contact the BlueSky Chairs:&nbsp;&nbsp;<\/p>\n\n\n\n<ul class=\"wp-block-list\">\n<li class=\"has-ast-global-color-4-color has-text-color has-link-color wp-elements-b4748f6a5caa5d0f86d9b30274ddaddb\">Prof. Bruce M. McLaren, Carnegie Mellon University, US (bmclaren&nbsp; at cs.cmu.edu)&nbsp;<\/li>\n\n\n\n<li class=\"has-ast-global-color-4-color has-text-color has-link-color wp-elements-e6034e8bef0708365b4f6c7719ed2249\">Dr Stamos Katsigiannis, Durham University, UK&nbsp;&nbsp;(stamos.katsigiannis at durham.ac.uk)&nbsp;&nbsp;<\/li>\n<\/ul>\n<\/div><\/div>\n\n\n\n<p><\/p>\n\n\n\n<div class=\"wp-block-cover alignfull\"><span aria-hidden=\"true\" class=\"wp-block-cover__background has-ast-global-color-5-background-color has-background-dim-100 has-background-dim\"><\/span><div class=\"wp-block-cover__inner-container is-layout-constrained wp-block-cover-is-layout-constrained\">\n<p class=\"has-text-align-left has-large-font-size\"><strong>Program Committee&nbsp;<\/strong><\/p>\n\n\n\n<ul class=\"wp-block-list\">\n<li class=\"has-ast-global-color-6-color has-text-color has-link-color wp-elements-9dfe4824677f6d7e855f39272303006a\">Prof. Peter Hastings, DePaul University, U.S.A.&nbsp;<\/li>\n\n\n\n<li class=\"has-ast-global-color-6-color has-text-color has-link-color wp-elements-bb0db2a9a05777b0ac80a444acc3678b\">Prof. Ryan Baker, University of Pennsylvania, U.S.A.&nbsp;<\/li>\n\n\n\n<li class=\"has-ast-global-color-6-color has-text-color has-link-color wp-elements-05a31009aa8a021c89e10c1c634830c0\">Prof. Olga Viberg, KTH Royal Institute of Technology, Sweden<\/li>\n\n\n\n<li class=\"has-ast-global-color-6-color has-text-color has-link-color wp-elements-ac83d46597d13d78c82d4815de628e0e\">Prof. Benedict du Boulay, University of Sussex, UK&nbsp;<\/li>\n\n\n\n<li class=\"has-ast-global-color-6-color has-text-color has-link-color wp-elements-71bb9141659aab3c2d48d0ea3e5f73f5\">Dr. Pablo Arnau Gonz\u00e1lez, University of Valencia, Spain<\/li>\n\n\n\n<li class=\"has-ast-global-color-6-color has-text-color has-link-color wp-elements-bef3a8b7325d753eb2c635912d50cc9a\">Dr. Shrikant Malviya, Durham University, UK&nbsp;<\/li>\n\n\n\n<li class=\"has-ast-global-color-6-color has-text-color has-link-color wp-elements-ce7ad99443350c80ac087a9d50c722fd\">Dr. Ana Serrano Mamolar, University of Burgos, Spain&nbsp;<\/li>\n\n\n\n<li class=\"has-ast-global-color-6-color has-text-color has-link-color wp-elements-cb58401333a722c6283f670e13d52212\">Dr. Donald Sturgeon, Durham University, UK<\/li>\n\n\n\n<li class=\"has-ast-global-color-6-color has-text-color has-link-color wp-elements-96349ce95144d6424896d42146ee35df\">Prof. Kalina Yacef, University of Sydney, Australia<\/li>\n\n\n\n<li class=\"has-ast-global-color-6-color has-text-color has-link-color wp-elements-ce5654cee1d7d3535cc29bc9258f14ef\">Dr. Mahboobeh Mehrvarz, Carnegie Mellon University, U.S.A.<\/li>\n\n\n\n<li class=\"has-ast-global-color-6-color has-text-color has-link-color wp-elements-bcdafb5c33f9b736bb5e58b2864f2812\">Prof. Seyedahmad (Ahmad) Rahimi, University of Florida, U.S.A.<\/li>\n\n\n\n<li class=\"has-ast-global-color-6-color has-text-color has-link-color wp-elements-f7012942c793c286bf6b97b25bc4ee48\">Prof. Ig Bittencourt Universidade Federal de Alagoas, Brasil<\/li>\n\n\n\n<li class=\"has-ast-global-color-6-color has-text-color has-link-color wp-elements-95f0be688f7046a6f18826f191f2e6ee\">Prof. Rafael Ferreira Universidade Federal Rural de Pernambuco, Brasil<\/li>\n\n\n\n<li class=\"has-ast-global-color-6-color has-text-color has-link-color wp-elements-418ce4e3bbcb93ce0dbcfe8dc1ea9764\">Prof. Jelena Jovanovic University of Belgrade, Serbia<\/li>\n\n\n\n<li class=\"has-ast-global-color-6-color has-text-color has-link-color wp-elements-2279853652782b1566cc22aefe24831e\">Prof. John Stamper, Carnegie Mellon University, U.S.A.<\/li>\n\n\n\n<li class=\"has-ast-global-color-6-color has-text-color has-link-color wp-elements-2bf367aa5b2b2c78cea73f319200beda\">Prof. Seiji Isotani,&nbsp;University of Sao Paulo, Brazil<\/li>\n\n\n\n<li class=\"has-ast-global-color-6-color has-text-color has-link-color wp-elements-d5a94f44055b5f9a604a5d44f97d4f93\">Prof. Steven Bradley, Durham University, UK<\/li>\n\n\n\n<li class=\"has-ast-global-color-6-color has-text-color has-link-color wp-elements-8f769d440b1bd674ad873b9d870d4801\">Prof. Paulo Carvalho, Carnegie Mellon University, U.S.A.<\/li>\n\n\n\n<li class=\"has-ast-global-color-6-color has-text-color has-link-color wp-elements-92cf4a0865da6c04c9484ab6ec905de2\">Dr Sun\u010dica Had\u017eidedi\u0107, Durham University, UK<\/li>\n\n\n\n<li class=\"has-ast-global-color-6-color has-text-color has-link-color wp-elements-018d7b03a4f9382c7dd7ab9f3dd50c2b\">Prof. Ivon Arroyo, University of Massachusetts Amherst, U.S.A.<\/li>\n\n\n\n<li class=\"has-ast-global-color-6-color has-text-color has-link-color wp-elements-2fc655759193bc09e5534eef2ecf1f29\">Prof. Vincent Aleven, Carnegie Mellon University, U.S.A.<\/li>\n<\/ul>\n<\/div><\/div>\n\n\n\n<p><\/p>\n","protected":false},"excerpt":{"rendered":"<p>Call for BlueSky Papers&nbsp; Introduction&nbsp; The AIED Society organizes the AIED conference and is aimed at&nbsp; advancing science and engineering [&hellip;]<\/p>\n","protected":false},"author":2,"featured_media":0,"parent":73,"menu_order":0,"comment_status":"closed","ping_status":"closed","template":"","meta":{"site-sidebar-layout":"default","site-content-layout":"","ast-site-content-layout":"","site-content-style":"default","site-sidebar-style":"default","ast-global-header-display":"","ast-banner-title-visibility":"","ast-main-header-display":"","ast-hfb-above-header-display":"","ast-hfb-below-header-display":"","ast-hfb-mobile-header-display":"","site-post-title":"disabled","ast-breadcrumbs-content":"","ast-featured-img":"","footer-sml-layout":"","theme-transparent-header-meta":"","adv-header-id-meta":"","stick-header-meta":"","header-above-stick-meta":"","header-main-stick-meta":"","header-below-stick-meta":"","astra-migrate-meta-layouts":"default","ast-page-background-enabled":"default","ast-page-background-meta":{"desktop":{"background-color":"var(--ast-global-color-5)","background-image":"","background-repeat":"repeat","background-position":"center center","background-size":"auto","background-attachment":"scroll","background-type":"","background-media":"","overlay-type":"","overlay-color":"","overlay-opacity":"","overlay-gradient":""},"tablet":{"background-color":"","background-image":"","background-repeat":"repeat","background-position":"center center","background-size":"auto","background-attachment":"scroll","background-type":"","background-media":"","overlay-type":"","overlay-color":"","overlay-opacity":"","overlay-gradient":""},"mobile":{"background-color":"","background-image":"","background-repeat":"repeat","background-position":"center center","background-size":"auto","background-attachment":"scroll","background-type":"","background-media":"","overlay-type":"","overlay-color":"","overlay-opacity":"","overlay-gradient":""}},"ast-content-background-meta":{"desktop":{"background-color":"var(--ast-global-color-4)","background-image":"","background-repeat":"repeat","background-position":"center center","background-size":"auto","background-attachment":"scroll","background-type":"","background-media":"","overlay-type":"","overlay-color":"","overlay-opacity":"","overlay-gradient":""},"tablet":{"background-color":"var(--ast-global-color-4)","background-image":"","background-repeat":"repeat","background-position":"center center","background-size":"auto","background-attachment":"scroll","background-type":"","background-media":"","overlay-type":"","overlay-color":"","overlay-opacity":"","overlay-gradient":""},"mobile":{"background-color":"var(--ast-global-color-4)","background-image":"","background-repeat":"repeat","background-position":"center center","background-size":"auto","background-attachment":"scroll","background-type":"","background-media":"","overlay-type":"","overlay-color":"","overlay-opacity":"","overlay-gradient":""}},"footnotes":""},"class_list":["post-272","page","type-page","status-publish","hentry"],"_links":{"self":[{"href":"https:\/\/aied2025.itd.cnr.it\/index.php\/wp-json\/wp\/v2\/pages\/272","targetHints":{"allow":["GET"]}}],"collection":[{"href":"https:\/\/aied2025.itd.cnr.it\/index.php\/wp-json\/wp\/v2\/pages"}],"about":[{"href":"https:\/\/aied2025.itd.cnr.it\/index.php\/wp-json\/wp\/v2\/types\/page"}],"author":[{"embeddable":true,"href":"https:\/\/aied2025.itd.cnr.it\/index.php\/wp-json\/wp\/v2\/users\/2"}],"replies":[{"embeddable":true,"href":"https:\/\/aied2025.itd.cnr.it\/index.php\/wp-json\/wp\/v2\/comments?post=272"}],"version-history":[{"count":18,"href":"https:\/\/aied2025.itd.cnr.it\/index.php\/wp-json\/wp\/v2\/pages\/272\/revisions"}],"predecessor-version":[{"id":800,"href":"https:\/\/aied2025.itd.cnr.it\/index.php\/wp-json\/wp\/v2\/pages\/272\/revisions\/800"}],"up":[{"embeddable":true,"href":"https:\/\/aied2025.itd.cnr.it\/index.php\/wp-json\/wp\/v2\/pages\/73"}],"wp:attachment":[{"href":"https:\/\/aied2025.itd.cnr.it\/index.php\/wp-json\/wp\/v2\/media?parent=272"}],"curies":[{"name":"wp","href":"https:\/\/api.w.org\/{rel}","templated":true}]}}