{"id":924,"date":"2025-07-07T14:38:02","date_gmt":"2025-07-07T14:38:02","guid":{"rendered":"https:\/\/aied2025.itd.cnr.it\/?page_id=924"},"modified":"2025-07-07T14:38:17","modified_gmt":"2025-07-07T14:38:17","slug":"wideaied-accepted-papers","status":"publish","type":"page","link":"https:\/\/aied2025.itd.cnr.it\/index.php\/program\/accepted-papers\/wideaied-accepted-papers\/","title":{"rendered":"WideAIED &#8211; Accepted Papers"},"content":{"rendered":"\n<h2 class=\"wp-block-heading has-text-align-center\" style=\"margin-top:var(--wp--preset--spacing--60);margin-bottom:var(--wp--preset--spacing--60)\"><strong>WideAIED &#8211; Accepted Papers<\/strong><\/h2>\n\n\n\n<figure class=\"wp-block-table\"><table><thead><tr><th>Authors<\/th><th>Paper Name<\/th><\/tr><\/thead><tbody><tr><td>Paula Toledo Palomino, Luiz Rodrigues, Carlos Portela, Grace Lis Proen\u00e7a Meireles Barreto Porto, Armando Toda, Ig Ibert Bittencourt, Seiji Isotani and Thiago Cordeiro<\/td><td>Gamified Intelligent Communities of Practice: A Path To Support Underprivileged Teachers<\/td><\/tr><tr><td>Chengliang Wang, Haoming Wang, Yutong Lai, Zihan Xiao and Xianlong Xu<\/td><td>Prediction of Online Mathematics Test Efficiency Based on Stacked Integrated Models: A Case Study of NAEP Data<\/td><\/tr><tr><td>Leonardo Brand\u00e3o Marques, Seiji Isotani, Bruno Pimentel, Jo\u00e3o Vitor Louren\u00e7o Batista Do Nascimento, Mina Isotani and Catharine E. Snow<\/td><td>Structural and Semantic Analysis Techniques for Translation Evaluation of Educational Materials<\/td><\/tr><tr><td>Yu Chen, Jiaqi Bao, Yutong He, Bian Wu and Yiling Hu<\/td><td>MAS-CPS Assessor: A System for Evaluating Collaborative Problem-Solving Skills in Multi-Agent Environments<\/td><\/tr><tr><td>Omkar Joshi, Kushal Mundra, Deepika Yadav and Syaamantak Das<\/td><td>AI Coding Assistants in Competitive Programming: Empirical Studies from India on Human-AI Interactions in Learning, Problem Solving, and Curiosity Development Perspectives<\/td><\/tr><tr><td>Sidarta Ten\u00f3rio, \u00c1lvaro Sobrinho, Daniel Rosa, Ranilson Paiva, Leonardo Marques, Diego Dermeval, Alan Pedro da Silva, Thiago Cordeiro, Seiji Isotani and Ig Ibert Bittencourt<\/td><td>Artificial Intelligence and Public Education Policy: Improving Textbook Evaluation in Brazil<\/td><\/tr><tr><td>Ridouane Oubagine<\/td><td>Advancing MOOCs Personalization: The Role of Generative AI in Adaptive Learning Environments<\/td><\/tr><tr><td>Dong Yang, Yi Zhang, Tore Hoel and Li Yuan<\/td><td>Does the Early Bird Get the Worms? K -12 Teachers\u2019 Perceptions on the Use of Generative Artificial Intelligence in Chinese Classrooms<\/td><\/tr><\/tbody><\/table><\/figure>\n","protected":false},"excerpt":{"rendered":"<p>WideAIED &#8211; Accepted Papers Authors Paper Name Paula Toledo Palomino, Luiz Rodrigues, Carlos Portela, Grace Lis Proen\u00e7a Meireles Barreto Porto, [&hellip;]<\/p>\n","protected":false},"author":2,"featured_media":0,"parent":633,"menu_order":0,"comment_status":"closed","ping_status":"closed","template":"","meta":{"site-sidebar-layout":"default","site-content-layout":"","ast-site-content-layout":"","site-content-style":"default","site-sidebar-style":"default","ast-global-header-display":"","ast-banner-title-visibility":"","ast-main-header-display":"","ast-hfb-above-header-display":"","ast-hfb-below-header-display":"","ast-hfb-mobile-header-display":"","site-post-title":"disabled","ast-breadcrumbs-content":"","ast-featured-img":"","footer-sml-layout":"","theme-transparent-header-meta":"","adv-header-id-meta":"","stick-header-meta":"","header-above-stick-meta":"","header-main-stick-meta":"","header-below-stick-meta":"","astra-migrate-meta-layouts":"default","ast-page-background-enabled":"default","ast-page-background-meta":{"desktop":{"background-color":"var(--ast-global-color-5)","background-image":"","background-repeat":"repeat","background-position":"center center","background-size":"auto","background-attachment":"scroll","background-type":"","background-media":"","overlay-type":"","overlay-color":"","overlay-opacity":"","overlay-gradient":""},"tablet":{"background-color":"","background-image":"","background-repeat":"repeat","background-position":"center center","background-size":"auto","background-attachment":"scroll","background-type":"","background-media":"","overlay-type":"","overlay-color":"","overlay-opacity":"","overlay-gradient":""},"mobile":{"background-color":"","background-image":"","background-repeat":"repeat","background-position":"center center","background-size":"auto","background-attachment":"scroll","background-type":"","background-media":"","overlay-type":"","overlay-color":"","overlay-opacity":"","overlay-gradient":""}},"ast-content-background-meta":{"desktop":{"background-color":"var(--ast-global-color-4)","background-image":"","background-repeat":"repeat","background-position":"center center","background-size":"auto","background-attachment":"scroll","background-type":"","background-media":"","overlay-type":"","overlay-color":"","overlay-opacity":"","overlay-gradient":""},"tablet":{"background-color":"var(--ast-global-color-4)","background-image":"","background-repeat":"repeat","background-position":"center center","background-size":"auto","background-attachment":"scroll","background-type":"","background-media":"","overlay-type":"","overlay-color":"","overlay-opacity":"","overlay-gradient":""},"mobile":{"background-color":"var(--ast-global-color-4)","background-image":"","background-repeat":"repeat","background-position":"center center","background-size":"auto","background-attachment":"scroll","background-type":"","background-media":"","overlay-type":"","overlay-color":"","overlay-opacity":"","overlay-gradient":""}},"footnotes":""},"class_list":["post-924","page","type-page","status-publish","hentry"],"_links":{"self":[{"href":"https:\/\/aied2025.itd.cnr.it\/index.php\/wp-json\/wp\/v2\/pages\/924","targetHints":{"allow":["GET"]}}],"collection":[{"href":"https:\/\/aied2025.itd.cnr.it\/index.php\/wp-json\/wp\/v2\/pages"}],"about":[{"href":"https:\/\/aied2025.itd.cnr.it\/index.php\/wp-json\/wp\/v2\/types\/page"}],"author":[{"embeddable":true,"href":"https:\/\/aied2025.itd.cnr.it\/index.php\/wp-json\/wp\/v2\/users\/2"}],"replies":[{"embeddable":true,"href":"https:\/\/aied2025.itd.cnr.it\/index.php\/wp-json\/wp\/v2\/comments?post=924"}],"version-history":[{"count":2,"href":"https:\/\/aied2025.itd.cnr.it\/index.php\/wp-json\/wp\/v2\/pages\/924\/revisions"}],"predecessor-version":[{"id":926,"href":"https:\/\/aied2025.itd.cnr.it\/index.php\/wp-json\/wp\/v2\/pages\/924\/revisions\/926"}],"up":[{"embeddable":true,"href":"https:\/\/aied2025.itd.cnr.it\/index.php\/wp-json\/wp\/v2\/pages\/633"}],"wp:attachment":[{"href":"https:\/\/aied2025.itd.cnr.it\/index.php\/wp-json\/wp\/v2\/media?parent=924"}],"curies":[{"name":"wp","href":"https:\/\/api.w.org\/{rel}","templated":true}]}}